{"id":708,"date":"2024-05-17T17:29:33","date_gmt":"2024-05-17T15:29:33","guid":{"rendered":"https:\/\/lardedonas.com\/reservas\/?page_id=708"},"modified":"2024-05-23T18:41:20","modified_gmt":"2024-05-23T16:41:20","slug":"peticiones-especiales","status":"publish","type":"page","link":"https:\/\/lardedonas.com\/reservas\/index.php\/peticiones-especiales\/","title":{"rendered":"Peticiones especiales"},"content":{"rendered":"<div class=\"wpb-content-wrapper\"><p>[vc_row][vc_column][vc_column_text]<\/p>\n<div class=\"containh2\">\n<div class=\"bui-title\">\n<h2 class=\"bui-title__text bui-f-font-display_two\"><span style=\"font-size: 1rem; font-weight: 400;\">Lar de Donas acepta peticiones especiales.<\/span><\/h2>\n<\/div>\n<\/div>\n<hr \/>\n<div data-et-view=\"eWHMAdeOYRVOZXQdPFPBbNXGDJae:7\"><\/div>\n<div id=\"hotelPoliciesInc\" class=\"descriptionsContainer clearfix hp-section hp-policies-block hp-policies-bui-colours\">\n<div id=\"checkin_policy\" class=\"description js-timebar-parent\">\n<p class=\"policy_name\"><strong>Entrada<br \/>\n<\/strong>De las 17:00 a las 21:00<br \/>\n<strong style=\"font-size: 1rem;\">Salida<br \/>\n<\/strong><span style=\"font-size: 1rem;\">De las 09:00 a las 12:00<\/span><\/p>\n<\/div>\n<div id=\"checkout_policy\" class=\"description js-timebar-parent\">\n<div>\n<hr \/>\n<\/div>\n<\/div>\n<div id=\"cancellation_policy\" class=\"description tracked\">\n<div>\n<p>&nbsp;<\/p>\n<p><strong>Camas para ni\u00f1os<\/strong><\/p>\n<\/div>\n<\/div>\n<div id=\"smp_children_policy\" class=\"description description_smp-children-policy\" data-et-view=\"\">\n<div class=\"child-policies-table-wrapper\">\n<div data-capla-component-boundary=\"b-property-web-property-page\/PropertyChildPoliciesBlock\">\n<div data-test-id=\"child-policies-block\">\n<div class=\"c64ba425c8\">\n<p class=\"f512be180a\"><strong>Condiciones para estancias con ni\u00f1os<\/strong><\/p>\n<p>Se pueden alojar ni\u00f1os de cualquier edad.<br \/>\nLos hu\u00e9spedes a partir de 18 a\u00f1os pagan como adultos en este alojamiento.<br \/>\nSi viajas con ni\u00f1os menores de 18 a\u00f1os, selecciona una tarifa que especifique el n\u00famero de ni\u00f1os que pueden alojarse para asegurarte de pagar el precio correcto.<\/p>\n<\/div>\n<p class=\"f512be180a\"><strong>Condiciones sobre cunas y camas supletorias<\/strong><\/p>\n<div class=\"e88206330c\">\n<div class=\"df14f5d170\">0 &#8211; 2 a\u00f1os<\/div>\n<div class=\"cbadf7c7a5\">\n<p><span class=\"ea0c38590d\"><span class=\"f149a96297\">Cuna a petici\u00f3n \u00a0 \u00a0<\/span><\/span><strong>Gratis<\/strong><\/p>\n<\/div>\n<\/div>\n<div class=\"e88206330c\">\n<div class=\"df14f5d170\">3 a\u00f1os<\/div>\n<div class=\"cbadf7c7a5\">\n<p><span class=\"ea0c38590d\"><span class=\"f149a96297\">Cuna a petici\u00f3n \u00a0 \u00a0<\/span><\/span><strong>Gratis<\/strong><\/p>\n<\/div>\n<div class=\"cbadf7c7a5\">\n<p><span class=\"ea0c38590d\"><span class=\"f149a96297\">Cama supletoria a petici\u00f3n\u00a0<\/span><\/span><strong>Gratis<\/strong><\/p>\n<\/div>\n<\/div>\n<div class=\"e88206330c\">\n<div class=\"df14f5d170\">4 &#8211; 11 a\u00f1os<\/div>\n<div class=\"cbadf7c7a5\">\n<p><span class=\"ea0c38590d\"><span class=\"f149a96297\">Cama supletoria a petici\u00f3n <strong>23\u20ac por ni\u00f1o y noche<\/strong><\/span><\/span><\/p>\n<\/div>\n<\/div>\n<div class=\"e88206330c\">\n<div class=\"df14f5d170\">12 &#8211; 17 a\u00f1os<\/div>\n<div class=\"cbadf7c7a5\">\n<p><span class=\"ea0c38590d\"><span class=\"f149a96297\">Cama supletoria a petici\u00f3n <strong>28\u20ac por ni\u00f1o y noche<\/strong><\/span><\/span><\/p>\n<\/div>\n<\/div>\n<div>\n<hr \/>\n<p>El precio de las cunas y las camas supletorias no est\u00e1 incluido en el precio total y se tiene que pagar por separado.<br \/>\nEl n\u00famero de camas supletorias y cunas permitido depende de la opci\u00f3n que escojas. Consulta la disponibilidad con el establecimiento 982356945 o casa@lardedonas.com .<br \/>\nTodas las cunas y camas supletorias est\u00e1n sujetas a disponibilidad.<\/p>\n<\/div>\n<\/div>\n<\/div>\n<\/div>\n<\/div>\n<div id=\"age_restriction_policy\" class=\"description\">\n<p class=\"policy_name\">No hay restricci\u00f3n por edad<\/p>\n<hr \/>\n<\/div>\n<div class=\"description hp_bp_payment_method\">\n<p class=\"policy_name\" aria-hidden=\"true\"><strong><br \/>\nM\u00e9todos de pago aceptados<\/strong><\/p>\n<p class=\"payment_methods_overall\" aria-label=\"Condiciones y formas de pago aceptadas\"><span class=\"bui-badge bui-badge--constructive hp_bp_payment_method__cash-badge\" data-bui-component=\"Badge\"><span class=\"bui-badge__text\"><strong>Efectivo y tarjeta<br \/>\n<\/strong><\/span><\/span><span class=\"invisible_spoken\" tabindex=\"0\">Lar de Donas acepta efectivo (m\u00e1ximo 1000 Euros) y tarjetas y se reserva el derecho de cargar de forma temporal una cantidad antes de la entrada.<\/span><\/p>\n<\/div>\n<hr \/>\n<div class=\"description description--house-rule\">\n<p class=\"policy_name\"><strong>Fumadores \/ No fumadores<\/strong><\/p>\n<p>No se puede fumar.<\/p>\n<hr \/>\n<div><\/div>\n<\/div>\n<div class=\"description description--house-rule\">\n<p class=\"policy_name\"><strong>Mascotas<\/strong><br \/>\nNo se admiten.<\/p>\n<\/div>\n<\/div>\n<p>[\/vc_column_text][\/vc_column][\/vc_row]<\/p>\n<\/div>","protected":false},"excerpt":{"rendered":"<p>[vc_row][vc_column][vc_column_text] Lar de Donas acepta peticiones especiales. Entrada De las 17:00 a las 21:00 Salida De las 09:00 a las 12:00 &nbsp; Camas para ni\u00f1os Condiciones para estancias con ni\u00f1os Se pueden alojar ni\u00f1os de cualquier edad. Los hu\u00e9spedes a partir de 18 a\u00f1os pagan como adultos en este alojamiento. Si viajas con ni\u00f1os menores &hellip; <a href=\"https:\/\/lardedonas.com\/reservas\/index.php\/peticiones-especiales\/\" class=\"more-link\">Continue reading<span class=\"screen-reader-text\"> \u00abPeticiones especiales\u00bb<\/span><\/a><\/p>\n","protected":false},"author":1,"featured_media":0,"parent":0,"menu_order":0,"comment_status":"closed","ping_status":"closed","template":"","meta":{"footnotes":""},"class_list":["post-708","page","type-page","status-publish","hentry"],"jetpack_sharing_enabled":true,"_links":{"self":[{"href":"https:\/\/lardedonas.com\/reservas\/index.php\/wp-json\/wp\/v2\/pages\/708"}],"collection":[{"href":"https:\/\/lardedonas.com\/reservas\/index.php\/wp-json\/wp\/v2\/pages"}],"about":[{"href":"https:\/\/lardedonas.com\/reservas\/index.php\/wp-json\/wp\/v2\/types\/page"}],"author":[{"embeddable":true,"href":"https:\/\/lardedonas.com\/reservas\/index.php\/wp-json\/wp\/v2\/users\/1"}],"replies":[{"embeddable":true,"href":"https:\/\/lardedonas.com\/reservas\/index.php\/wp-json\/wp\/v2\/comments?post=708"}],"version-history":[{"count":14,"href":"https:\/\/lardedonas.com\/reservas\/index.php\/wp-json\/wp\/v2\/pages\/708\/revisions"}],"predecessor-version":[{"id":736,"href":"https:\/\/lardedonas.com\/reservas\/index.php\/wp-json\/wp\/v2\/pages\/708\/revisions\/736"}],"wp:attachment":[{"href":"https:\/\/lardedonas.com\/reservas\/index.php\/wp-json\/wp\/v2\/media?parent=708"}],"curies":[{"name":"wp","href":"https:\/\/api.w.org\/{rel}","templated":true}]}}