{"id":4004,"date":"2025-09-17T20:25:10","date_gmt":"2025-09-17T18:25:10","guid":{"rendered":"https:\/\/lardedonas.com\/reservas\/?page_id=4004"},"modified":"2025-12-02T14:07:28","modified_gmt":"2025-12-02T13:07:28","slug":"instalacion-fotovoltaica-de-autoconsumo","status":"publish","type":"page","link":"https:\/\/lardedonas.com\/reservas\/index.php\/instalacion-fotovoltaica-de-autoconsumo\/","title":{"rendered":"INSTALACI\u00d3N FOTOVOLTAICA DE AUTOCONSUMO"},"content":{"rendered":"<p><\/p><figure class=\"wp-block-image size-full\"><img loading=\"lazy\" decoding=\"async\" width=\"1024\" height=\"724\" src=\"https:\/\/lardedonas.com\/reservas\/wp-content\/uploads\/2025\/12\/LardeDonas-rotated.jpg\" alt=\"\" class=\"wp-image-4436\" srcset=\"https:\/\/lardedonas.com\/reservas\/wp-content\/uploads\/2025\/12\/LardeDonas-rotated.jpg 1024w, https:\/\/lardedonas.com\/reservas\/wp-content\/uploads\/2025\/12\/LardeDonas-300x212.jpg 300w, https:\/\/lardedonas.com\/reservas\/wp-content\/uploads\/2025\/12\/LardeDonas-768x543.jpg 768w, https:\/\/lardedonas.com\/reservas\/wp-content\/uploads\/2025\/12\/LardeDonas-874x618.jpg 874w, https:\/\/lardedonas.com\/reservas\/wp-content\/uploads\/2025\/12\/LardeDonas-712x503.jpg 712w\" sizes=\"(max-width: 1024px) 100vw, 1024px\" \/><figcaption class=\"wp-element-caption\">Screenshot<\/figcaption><\/figure><p><\/p><p><\/p><p><strong>T\u00edtulo do proxecto<\/strong>:<br><strong>INSTALACI\u00d3N FOTOVOLTAICA DE AUTOCONSUMO<\/strong><\/p><p><strong>Descrici\u00f3n<\/strong>:<br>Proxecto acollido ao programa de incentivos 1, 2 e 3 vinculados ao autoconsumo e ao almacenamento no sector servizos e outros sectores produtivos, financiado pola Uni\u00f3n Europea &#8211; NextGenerationEU.<br>(C\u00f3digo de procedemento: IN421W).<\/p><p><strong>Beneficiario<\/strong>:<br><strong>LAR DE DONAS SL<\/strong><\/p><p><strong>Compo\u00f1ente (C7.I1)<\/strong>:<br>Actuaci\u00f3ns de xeraci\u00f3n con enerx\u00edas renovables<\/p><p><strong>Investimento total<\/strong>:<br><strong>20.322 \u20ac + IVE<\/strong><\/p><p><strong>Importe da axuda<\/strong>:<br><strong>9.126,80 \u20ac<\/strong><\/p><p><strong>Potencia (kW)<\/strong>:<br><strong>11,96<\/strong><\/p><p><strong>Marco legal<\/strong>:<br>Real Decreto 477\/2021 \u2013 Resoluci\u00f3n do 29 de setembro de 2021<\/p><p><strong>Instituci\u00f3ns participantes<\/strong>:<\/p><ul class=\"wp-block-list\"><li>Uni\u00f3n Europea \u2013 NextGenerationEU<\/li>\n\n<li>Plan de Recuperaci\u00f3n, Transformaci\u00f3n e Resiliencia<\/li>\n\n<li>Xunta de Galicia<\/li>\n\n<li>Ministerio para la Transici\u00f3n Ecol\u00f3gica y el Reto Demogr\u00e1fico<\/li>\n\n<li>IDAE (Instituto para la Diversificaci\u00f3n y Ahorro de la Energ\u00eda).<\/li><\/ul>","protected":false},"excerpt":{"rendered":"<p>T\u00edtulo do proxecto:INSTALACI\u00d3N FOTOVOLTAICA DE AUTOCONSUMO Descrici\u00f3n:Proxecto acollido ao programa de incentivos 1, 2 e 3 vinculados ao autoconsumo e ao almacenamento no sector servizos e outros sectores produtivos, financiado pola Uni\u00f3n Europea &#8211; NextGenerationEU.(C\u00f3digo de procedemento: IN421W). Beneficiario:LAR DE DONAS SL Compo\u00f1ente (C7.I1):Actuaci\u00f3ns de xeraci\u00f3n con enerx\u00edas renovables Investimento total:20.322 \u20ac + IVE Importe &hellip; <a href=\"https:\/\/lardedonas.com\/reservas\/index.php\/instalacion-fotovoltaica-de-autoconsumo\/\" class=\"more-link\">Continue reading<span class=\"screen-reader-text\"> \u00abINSTALACI\u00d3N FOTOVOLTAICA DE AUTOCONSUMO\u00bb<\/span><\/a><\/p>\n","protected":false},"author":1,"featured_media":0,"parent":0,"menu_order":0,"comment_status":"closed","ping_status":"closed","template":"","meta":{"footnotes":""},"class_list":["post-4004","page","type-page","status-publish","hentry"],"jetpack_sharing_enabled":true,"_links":{"self":[{"href":"https:\/\/lardedonas.com\/reservas\/index.php\/wp-json\/wp\/v2\/pages\/4004"}],"collection":[{"href":"https:\/\/lardedonas.com\/reservas\/index.php\/wp-json\/wp\/v2\/pages"}],"about":[{"href":"https:\/\/lardedonas.com\/reservas\/index.php\/wp-json\/wp\/v2\/types\/page"}],"author":[{"embeddable":true,"href":"https:\/\/lardedonas.com\/reservas\/index.php\/wp-json\/wp\/v2\/users\/1"}],"replies":[{"embeddable":true,"href":"https:\/\/lardedonas.com\/reservas\/index.php\/wp-json\/wp\/v2\/comments?post=4004"}],"version-history":[{"count":4,"href":"https:\/\/lardedonas.com\/reservas\/index.php\/wp-json\/wp\/v2\/pages\/4004\/revisions"}],"predecessor-version":[{"id":4437,"href":"https:\/\/lardedonas.com\/reservas\/index.php\/wp-json\/wp\/v2\/pages\/4004\/revisions\/4437"}],"wp:attachment":[{"href":"https:\/\/lardedonas.com\/reservas\/index.php\/wp-json\/wp\/v2\/media?parent=4004"}],"curies":[{"name":"wp","href":"https:\/\/api.w.org\/{rel}","templated":true}]}}