{"id":2,"date":"2024-01-07T20:39:44","date_gmt":"2024-01-07T19:39:44","guid":{"rendered":"https:\/\/lardedonas.com\/reservas\/?page_id=2"},"modified":"2024-05-23T19:02:13","modified_gmt":"2024-05-23T17:02:13","slug":"condiciones","status":"publish","type":"page","link":"https:\/\/lardedonas.com\/reservas\/index.php\/condiciones\/","title":{"rendered":"Condiciones"},"content":{"rendered":"<div class=\"wpb-content-wrapper\"><p>[vc_row][vc_column][vc_column_text]<\/p>\r\n<div class=\"res-policies__row\">\r\n<div class=\"bui-grid bui-grid--bleed\">\r\n<div class=\"bui-grid__column-full bui-grid__column-4@medium\"><strong>Cancelaciones<br \/><\/strong><span style=\"font-size: 1rem;\">El cliente puede cancelar la reserva de forma gratuita hasta 14 d\u00edas antes de la fecha de llegada.<\/span><strong><br \/><\/strong><\/div>\r\n<div class=\"bui-grid__column-full bui-grid__column-8@medium\">\r\n<div>\r\n<p class=\"res-policies__rule\">El cliente tendr\u00e1 que pagar el precio de la primera noche si cancela durante los 14 d\u00edas previos a la fecha de llegada.<\/p>\r\n<hr \/><\/div>\r\n<\/div>\r\n<\/div>\r\n<\/div>\r\n<div class=\"res-policies__row\">\r\n<div class=\"bui-grid bui-grid--bleed\">\r\n<div>\u00a0<\/div>\r\n<div class=\"bui-grid__column-full bui-grid__column-4@medium\"><strong>Pago por adelantado<\/strong><\/div>\r\n<div class=\"bui-grid__column-full bui-grid__column-8@medium\">\r\n<div>\r\n<p class=\"res-policies__rule\">No requiere pago por adelantado.<\/p>\r\n<hr \/><\/div>\r\n<\/div>\r\n<\/div>\r\n<\/div>\r\n<div class=\"res-policies__row\">\r\n<div class=\"bui-grid bui-grid--bleed\">\r\n<div>\u00a0<\/div>\r\n<div class=\"bui-grid__column-full bui-grid__column-4@medium\"><strong>Opci\u00f3n de condiciones sobre da\u00f1os<\/strong><\/div>\r\n<div class=\"bui-grid__column-full bui-grid__column-8@medium\">\r\n<div>\r\n<p class=\"res-policies__rule\">Los clientes no pagan ning\u00fan dep\u00f3sito previo por da\u00f1os.<\/p>\r\n<hr \/><\/div>\r\n<\/div>\r\n<\/div>\r\n<\/div>\r\n<div class=\"res-policies__row\">\r\n<div class=\"bui-grid bui-grid--bleed\">\r\n<div>\u00a0<\/div>\r\n<div class=\"bui-grid__column-full bui-grid__column-4@medium\"><strong>Internet<\/strong><\/div>\r\n<div class=\"bui-grid__column-full bui-grid__column-8@medium\">\r\n<div>\r\n<p class=\"res-policies__rule\">Hay conexi\u00f3n a Internet Wi-Fi disponible en todo el establecimiento.\u00a0Gratis.<\/p>\r\n<hr \/><\/div>\r\n<\/div>\r\n<\/div>\r\n<\/div>\r\n<div class=\"res-policies__row\">\r\n<div class=\"bui-grid bui-grid--bleed\">\r\n<div>\u00a0<\/div>\r\n<div class=\"bui-grid__column-full bui-grid__column-4@medium\"><strong>Condiciones referentes a ni\u00f1os y camas supletorias<\/strong><\/div>\r\n<div class=\"bui-grid__column-full bui-grid__column-8@medium\">\r\n<div>\r\n<p class=\"res-policies__rule\">Se permiten ni\u00f1os de cualquier edad.<\/p>\r\n<p class=\"res-policies__rule\">Los ni\u00f1os (de 3 a\u00f1os como m\u00e1ximo) se puede alojar gratis si usa las cunas disponibles.<\/p>\r\n<p class=\"res-policies__rule\">Los ni\u00f1os (de 3 a 11 a\u00f1os) se puede alojar por 23\u20ac por ni\u00f1o y noche si usan las camas supletorias disponibles.<\/p>\r\n<p class=\"res-policies__rule\">Los ni\u00f1os (de 12 a 17 a\u00f1os) se puede alojar por 28\u20ac por ni\u00f1o y noche si usan las camas supletorias disponibles.<\/p>\r\n<p class=\"res-policies__rule\">El n\u00famero recomendado de camas supletorias por habitaci\u00f3n es 1. (Si fuesen necesarias m\u00e1s, ponerse en contacto con el alojamiento).<\/p>\r\n<p class=\"res-policies__rule\">El n\u00famero recomendado de cunas por habitaci\u00f3n es 1. (Si fuesen necesarias m\u00e1s, ponerse en contacto con el alojamiento).<\/p>\r\n<p class=\"res-policies__rule\">El n\u00famero m\u00e1ximo de personas por habitaci\u00f3n es 4.\u00a0<\/p>\r\n<hr \/><\/div>\r\n<\/div>\r\n<\/div>\r\n<\/div>\r\n<div class=\"res-policies__row\">\r\n<div class=\"bui-grid bui-grid--bleed\">\r\n<div>\u00a0<\/div>\r\n<div class=\"bui-grid__column-full bui-grid__column-4@medium\"><strong>Estacionamiento<\/strong><\/div>\r\n<div class=\"bui-grid__column-full bui-grid__column-8@medium\">\r\n<div>\r\n<p class=\"res-policies__rule\">Hay estacionamiento privado gratuito en el establecimiento.\u00a0No es necesario reservar.<\/p>\r\n<hr \/><\/div>\r\n<\/div>\r\n<\/div>\r\n<\/div>\r\n<div class=\"res-policies__row\">\r\n<div class=\"bui-grid bui-grid--bleed\">\r\n<div>\u00a0<\/div>\r\n<div class=\"bui-grid__column-full bui-grid__column-4@medium\"><strong>Mascotas<\/strong><\/div>\r\n<div class=\"bui-grid__column-full bui-grid__column-8@medium\">\r\n<div>\r\n<p class=\"res-policies__rule\">No se admiten.<\/p>\r\n<hr \/><\/div>\r\n<\/div>\r\n<\/div>\r\n<\/div>\r\n<div class=\"res-policies__row\">\r\n<div class=\"bui-grid bui-grid--bleed\">\r\n<div>\u00a0<\/div>\r\n<div class=\"bui-grid__column-full bui-grid__column-4@medium\"><strong>Grupos<\/strong><\/div>\r\n<div class=\"bui-grid__column-full bui-grid__column-8@medium\">\r\n<div>\r\n<p class=\"res-policies__rule\">No se aplican condiciones especiales para grupos.<\/p>\r\n<\/div>\r\n<\/div>\r\n<\/div>\r\n<\/div>\r\n<p>\u00a0<\/p>\r\n<p>[\/vc_column_text][\/vc_column][\/vc_row]<\/p><\/div>","protected":false},"excerpt":{"rendered":"<p>[vc_row][vc_column][vc_column_text] CancelacionesEl cliente puede cancelar la reserva de forma gratuita hasta 14 d\u00edas antes de la fecha de llegada. El cliente tendr\u00e1 que pagar el precio de la primera noche si cancela durante los 14 d\u00edas previos a la fecha de llegada. \u00a0 Pago por adelantado No requiere pago por adelantado. \u00a0 Opci\u00f3n de condiciones &hellip; <a href=\"https:\/\/lardedonas.com\/reservas\/index.php\/condiciones\/\" class=\"more-link\">Continue reading<span class=\"screen-reader-text\"> \u00abCondiciones\u00bb<\/span><\/a><\/p>\n","protected":false},"author":1,"featured_media":0,"parent":0,"menu_order":0,"comment_status":"closed","ping_status":"open","template":"","meta":{"footnotes":""},"class_list":["post-2","page","type-page","status-publish","hentry"],"jetpack_sharing_enabled":true,"_links":{"self":[{"href":"https:\/\/lardedonas.com\/reservas\/index.php\/wp-json\/wp\/v2\/pages\/2"}],"collection":[{"href":"https:\/\/lardedonas.com\/reservas\/index.php\/wp-json\/wp\/v2\/pages"}],"about":[{"href":"https:\/\/lardedonas.com\/reservas\/index.php\/wp-json\/wp\/v2\/types\/page"}],"author":[{"embeddable":true,"href":"https:\/\/lardedonas.com\/reservas\/index.php\/wp-json\/wp\/v2\/users\/1"}],"replies":[{"embeddable":true,"href":"https:\/\/lardedonas.com\/reservas\/index.php\/wp-json\/wp\/v2\/comments?post=2"}],"version-history":[{"count":5,"href":"https:\/\/lardedonas.com\/reservas\/index.php\/wp-json\/wp\/v2\/pages\/2\/revisions"}],"predecessor-version":[{"id":738,"href":"https:\/\/lardedonas.com\/reservas\/index.php\/wp-json\/wp\/v2\/pages\/2\/revisions\/738"}],"wp:attachment":[{"href":"https:\/\/lardedonas.com\/reservas\/index.php\/wp-json\/wp\/v2\/media?parent=2"}],"curies":[{"name":"wp","href":"https:\/\/api.w.org\/{rel}","templated":true}]}}