{"id":141,"date":"2017-06-08T13:43:35","date_gmt":"2017-06-08T13:43:35","guid":{"rendered":"http:\/\/themes.getmotopress.com\/villagio\/search-availability\/"},"modified":"2024-05-17T17:19:36","modified_gmt":"2024-05-17T15:19:36","slug":"encuentra-habitacion-fecha","status":"publish","type":"page","link":"https:\/\/lardedonas.com\/reservas\/index.php\/encuentra-habitacion-fecha\/","title":{"rendered":"Encuentra habitaci\u00f3n para tus fechas"},"content":{"rendered":"<p>Reservar la habitaci\u00f3n que m\u00e1s te guste de nuestra casa de turismo rural Lar de Donas. Es r\u00e1pido y seguro. Simplemente se\u00f1ala las fechas de entrada y salida, lee la descripci\u00f3n, elije la habitaci\u00f3n, introduce los detalles para la reserva y pagua en l\u00ednea. \u00a1Tus vacaciones perfectas est\u00e1n a unos pocos clics de distancia!<\/p>\n<div class=\"mphb_sc_search-wrapper \"><form method=\"GET\" class=\"mphb_sc_search-form\" action=\"https:\/\/lardedonas.com\/reservas\/index.php\/search-results\/\">\n\n\t<p class = \"mphb-required-fields-tip\">\n\t<small>\n\t\tLos campos obligatorios son seguidos por\t\t<abbr title=\"required\">*<\/abbr>\n\t<\/small>\n<\/p>\n\t<p class=\"mphb_sc_search-check-in-date\">\n\t\t<label for=\"mphb_check_in_date-mphb-search-form-69f9e4a39a9c1\">\n\t\t\tD\u00eda de llegada\t\t\t<abbr title=\"Formato dd\/mm\/yyyy\">*<\/abbr>\n\t\t<\/label>\n\t\t<br \/>\n\t\t<input\n\t\t\tid=\"mphb_check_in_date-mphb-search-form-69f9e4a39a9c1\"\n\t\t\tdata-datepick-group=\"mphb-search-form-69f9e4a39a9c1\"\n\t\t\tvalue=\"\"\n\t\t\tplaceholder=\"Fecha de llegada\"\n\t\t\trequired=\"required\"\n\t\t\ttype=\"text\"\n\t\t\tinputmode=\"none\"\n\t\t\tname=\"mphb_check_in_date\"\n\t\t\tclass=\"mphb-datepick\"\n\t\t\tautocomplete=\"off\"\n\t\t\t\/>\n\t<\/p>\n\n\t<p class=\"mphb_sc_search-check-out-date\">\n\t\t<label for=\"mphb_check_out_date-mphb-search-form-69f9e4a39a9c1\">\n\t\t\tD\u00eda de salida\t\t\t<abbr title=\"Formato dd\/mm\/yyyy\">*<\/abbr>\n\t\t<\/label>\n\t\t<br \/>\n\t\t<input\n\t\t\tid=\"mphb_check_out_date-mphb-search-form-69f9e4a39a9c1\"\n\t\t\tdata-datepick-group=\"mphb-search-form-69f9e4a39a9c1\"\n\t\t\tvalue=\"\"\n\t\t\tplaceholder=\"Fecha de salida\"\n\t\t\trequired=\"required\"\n\t\t\ttype=\"text\"\n\t\t\tinputmode=\"none\"\n\t\t\tname=\"mphb_check_out_date\"\n\t\t\tclass=\"mphb-datepick\"\n\t\t\tautocomplete=\"off\"\n\t\t\t\/>\n\t<\/p>\n\n\t\t\t<input type=\"hidden\" id=\"mphb_adults-mphb-search-form-69f9e4a39a9c1\" name=\"mphb_adults\" value=\"1\" \/>\n\t\n\t\t\t<input type=\"hidden\" id=\"mphb_children-mphb-search-form-69f9e4a39a9c1\" name=\"mphb_children\" value=\"0\" \/>\n\t\n\t\n\t\n\t<input id=\"mphb_check_in_date-mphb-search-form-69f9e4a39a9c1-hidden\" value=\"\" type=\"hidden\" name=\"mphb_check_in_date\" \/><input id=\"mphb_check_out_date-mphb-search-form-69f9e4a39a9c1-hidden\" value=\"\" type=\"hidden\" name=\"mphb_check_out_date\" \/>\n\t<p class=\"mphb_sc_search-submit-button-wrapper\">\n\t\t<input type=\"submit\" class=\"button\" value=\"Buscar\"\/>\n\t<\/p>\n\n\t\n<\/form>\n<\/div>\n","protected":false},"excerpt":{"rendered":"<p>Reservar la habitaci\u00f3n que m\u00e1s te guste de nuestra casa de turismo rural Lar de Donas. Es r\u00e1pido y seguro. Simplemente se\u00f1ala las fechas de entrada y salida, lee la descripci\u00f3n, elije la habitaci\u00f3n, introduce los detalles para la reserva y pagua en l\u00ednea. \u00a1Tus vacaciones perfectas est\u00e1n a unos pocos clics de distancia!<\/p>\n","protected":false},"author":1,"featured_media":706,"parent":0,"menu_order":0,"comment_status":"closed","ping_status":"closed","template":"template-full-width-page.php","meta":{"footnotes":""},"class_list":["post-141","page","type-page","status-publish","has-post-thumbnail","hentry"],"jetpack_sharing_enabled":true,"_links":{"self":[{"href":"https:\/\/lardedonas.com\/reservas\/index.php\/wp-json\/wp\/v2\/pages\/141"}],"collection":[{"href":"https:\/\/lardedonas.com\/reservas\/index.php\/wp-json\/wp\/v2\/pages"}],"about":[{"href":"https:\/\/lardedonas.com\/reservas\/index.php\/wp-json\/wp\/v2\/types\/page"}],"author":[{"embeddable":true,"href":"https:\/\/lardedonas.com\/reservas\/index.php\/wp-json\/wp\/v2\/users\/1"}],"replies":[{"embeddable":true,"href":"https:\/\/lardedonas.com\/reservas\/index.php\/wp-json\/wp\/v2\/comments?post=141"}],"version-history":[{"count":3,"href":"https:\/\/lardedonas.com\/reservas\/index.php\/wp-json\/wp\/v2\/pages\/141\/revisions"}],"predecessor-version":[{"id":705,"href":"https:\/\/lardedonas.com\/reservas\/index.php\/wp-json\/wp\/v2\/pages\/141\/revisions\/705"}],"wp:featuredmedia":[{"embeddable":true,"href":"https:\/\/lardedonas.com\/reservas\/index.php\/wp-json\/wp\/v2\/media\/706"}],"wp:attachment":[{"href":"https:\/\/lardedonas.com\/reservas\/index.php\/wp-json\/wp\/v2\/media?parent=141"}],"curies":[{"name":"wp","href":"https:\/\/api.w.org\/{rel}","templated":true}]}}