{"id":14,"date":"2024-01-07T20:56:03","date_gmt":"2024-01-07T19:56:03","guid":{"rendered":"https:\/\/lardedonas.com\/reservas\/index.php\/mi-cuenta\/"},"modified":"2024-01-07T20:56:03","modified_gmt":"2024-01-07T19:56:03","slug":"mi-cuenta","status":"publish","type":"page","link":"https:\/\/lardedonas.com\/reservas\/index.php\/mi-cuenta\/","title":{"rendered":"Mi cuenta"},"content":{"rendered":"        <div class=\"mphb_sc_account\">\n            \t\t\t<div class=\"mphb-account-content\">\n\t\t\t\t\t\t\t\t\t\t\t\t\t\t\t<div class=\"mphb-login-form\">\n            \t<form name=\"loginform\" id=\"loginform\" action=\"https:\/\/lardedonas.com\/reservas\/wp-login.php\" method=\"post\"><p class=\"login-username\">\n\t\t\t\t<label for=\"user_login\">Nombre de usuario o correo electr\u00f3nico<\/label>\n\t\t\t\t<input type=\"text\" name=\"log\" id=\"user_login\" autocomplete=\"username\" class=\"input\" value=\"\" size=\"20\" \/>\n\t\t\t<\/p><p class=\"login-password\">\n\t\t\t\t<label for=\"user_pass\">Contrase\u00f1a<\/label>\n\t\t\t\t<input type=\"password\" name=\"pwd\" id=\"user_pass\" autocomplete=\"current-password\" spellcheck=\"false\" class=\"input\" value=\"\" size=\"20\" \/>\n\t\t\t<\/p><p class=\"login-remember\"><label><input name=\"rememberme\" type=\"checkbox\" id=\"rememberme\" value=\"forever\" \/> Recu\u00e9rdame<\/label><\/p><p class=\"login-submit\">\n\t\t\t\t<input type=\"submit\" name=\"wp-submit\" id=\"wp-submit\" class=\"button button-primary\" value=\"Acceder\" \/>\n\t\t\t\t<input type=\"hidden\" name=\"redirect_to\" value=\"https:\/\/lardedonas.com\/reservas\/index.php\/wp-json\/wp\/v2\/pages\/14\" \/>\n\t\t\t<\/p><\/form>                <a href=\"https:\/\/lardedonas.com\/reservas\/index.php\/my-account\/lost-password\/\">Lost your password?<\/a>\n\t\t\t<\/div>\n\t\t\t\t\t\t\t\t\t\t<\/div>\n        <\/div>\n        \n","protected":false},"excerpt":{"rendered":"Nombre de usuario o correo electr\u00f3nico Contrase\u00f1a Recu\u00e9rdame Lost your password?","protected":false},"author":1,"featured_media":0,"parent":0,"menu_order":0,"comment_status":"closed","ping_status":"closed","template":"","meta":{"footnotes":""},"class_list":["post-14","page","type-page","status-publish","hentry"],"jetpack_sharing_enabled":true,"_links":{"self":[{"href":"https:\/\/lardedonas.com\/reservas\/index.php\/wp-json\/wp\/v2\/pages\/14"}],"collection":[{"href":"https:\/\/lardedonas.com\/reservas\/index.php\/wp-json\/wp\/v2\/pages"}],"about":[{"href":"https:\/\/lardedonas.com\/reservas\/index.php\/wp-json\/wp\/v2\/types\/page"}],"author":[{"embeddable":true,"href":"https:\/\/lardedonas.com\/reservas\/index.php\/wp-json\/wp\/v2\/users\/1"}],"replies":[{"embeddable":true,"href":"https:\/\/lardedonas.com\/reservas\/index.php\/wp-json\/wp\/v2\/comments?post=14"}],"version-history":[{"count":0,"href":"https:\/\/lardedonas.com\/reservas\/index.php\/wp-json\/wp\/v2\/pages\/14\/revisions"}],"wp:attachment":[{"href":"https:\/\/lardedonas.com\/reservas\/index.php\/wp-json\/wp\/v2\/media?parent=14"}],"curies":[{"name":"wp","href":"https:\/\/api.w.org\/{rel}","templated":true}]}}